{"id":3491,"date":"2025-03-17T11:20:22","date_gmt":"2025-03-17T11:20:22","guid":{"rendered":"https:\/\/letilkuria.hu\/?page_id=3491"},"modified":"2026-04-22T08:12:46","modified_gmt":"2026-04-22T08:12:46","slug":"easter-le-til-mansion","status":"publish","type":"page","link":"https:\/\/letilkuria.hu\/en\/easter-le-til-mansion\/","title":{"rendered":"EASTER @ Le Til Mansion"},"content":{"rendered":"<p>[et_pb_section fb_built=&#8221;1&#8243; _builder_version=&#8221;4.16&#8243; _module_preset=&#8221;default&#8221; custom_padding=&#8221;0px||0px|||&#8221; global_colors_info=&#8221;{}&#8221;][et_pb_row _builder_version=&#8221;4.27.4&#8243; _module_preset=&#8221;default&#8221; use_background_color_gradient=&#8221;on&#8221; background_color_gradient_stops=&#8221;rgba(255,255,255,0) 60%|gcid-e0fae7ad-d98e-4392-872e-a72c4844db92 90%&#8221; background_image=&#8221;https:\/\/letilkuria.hu\/wp-content\/uploads\/flat-lay-easter-eggs-slate-with-wooden-spoon-twig-67d8076790af7.webp&#8221; background_position=&#8221;bottom_center&#8221; background_vertical_offset=&#8221;47%&#8221; background_blend=&#8221;multiply&#8221; width=&#8221;100%&#8221; max_width=&#8221;100%&#8221; min_height=&#8221;80vh&#8221; min_height_tablet=&#8221;50vh&#8221; min_height_phone=&#8221;50vh&#8221; min_height_last_edited=&#8221;on|phone&#8221; background_last_edited=&#8221;on|phone&#8221; use_background_color_gradient_tablet=&#8221;on&#8221; use_background_color_gradient_phone=&#8221;on&#8221; background_color_gradient_stops_tablet=&#8221;rgba(255,255,255,0) 45%|#613a43 89%&#8221; background_color_gradient_stops_phone=&#8221;rgba(255,255,255,0) 35%|#613a43 80%&#8221; custom_css_main_element=&#8221;  display: flex;||    justify-content: center;||    align-items: flex-end;&#8221; global_colors_info=&#8221;{%22gcid-e0fae7ad-d98e-4392-872e-a72c4844db92%22:%91%22background_color_gradient_stops%22%93}&#8221;][et_pb_column type=&#8221;4_4&#8243; _builder_version=&#8221;4.19.1&#8243; _module_preset=&#8221;default&#8221; global_colors_info=&#8221;{}&#8221;][et_pb_text content_tablet=&#8221;<\/p>\n<h1 class=%22decor-down%22>\u00c9lm\u00e9ny, mely \u00f6r\u00f6kre mag\u00e1val ragad!<\/h1>\n<p>&#8221; content_phone=&#8221;<\/p>\n<h1 class=%22decor-down%22>\u00c9lm\u00e9ny, mely \u00f6r\u00f6kre mag\u00e1val ragad!<\/h1>\n<p>&#8221; content_last_edited=&#8221;off|desktop&#8221; module_class=&#8221;heading-decor-white&#8221; _builder_version=&#8221;4.27.4&#8243; _module_preset=&#8221;default&#8221; text_text_color=&#8221;#FFFFFF&#8221; header_text_align=&#8221;center&#8221; header_text_color=&#8221;#FFFFFF&#8221; header_font_size=&#8221;36px&#8221; custom_padding=&#8221;||16px||false|false&#8221; header_font_size_tablet=&#8221;36px&#8221; header_font_size_phone=&#8221;32px&#8221; header_font_size_last_edited=&#8221;on|phone&#8221; global_colors_info=&#8221;{}&#8221;]<\/p>\n<h1 class=\"decor-down\" style=\"text-align: center;\"><b>EASTER @ Le Til Mansion<br \/><\/b><\/h1>\n<p style=\"text-align: center;\"><strong>A rendel\u00e9st lead\u00e1sa: szerd\u00e1ig 2025.04.16.-ig<\/strong><\/p>\n<p>[\/et_pb_text][\/et_pb_column][\/et_pb_row][et_pb_row module_class=&#8221;flex-align-center&#8221; _builder_version=&#8221;4.27.4&#8243; _module_preset=&#8221;default&#8221; max_width=&#8221;1200px&#8221; custom_margin=&#8221;||||false|false&#8221; custom_padding=&#8221;40px||40px||false|false&#8221; global_colors_info=&#8221;{}&#8221;][et_pb_column type=&#8221;4_4&#8243; _builder_version=&#8221;4.16&#8243; _module_preset=&#8221;default&#8221; global_colors_info=&#8221;{}&#8221;][et_pb_text module_id=&#8221;fotozas-div&#8221; _builder_version=&#8221;4.27.4&#8243; _module_preset=&#8221;default&#8221; text_font=&#8221;|800|||||||&#8221; header_font=&#8221;|800|||||||&#8221; header_2_font=&#8221;|||on|||||&#8221; header_2_text_color=&#8221;#aa845b&#8221; header_2_font_size=&#8221;24px&#8221; header_2_letter_spacing=&#8221;1px&#8221; text_orientation=&#8221;center&#8221; custom_margin=&#8221;||26px||false|false&#8221; custom_margin_tablet=&#8221;||10px||false|false&#8221; custom_margin_phone=&#8221;&#8221; custom_margin_last_edited=&#8221;on|desktop&#8221; global_colors_info=&#8221;{}&#8221;]<\/p>\n<h2>Tedd az idei h\u00fasv\u00e9tot felejthetetlen\u00fcl \u00fcnnepiv\u00e9!<br \/>\n<\/h2>\n<p>[\/et_pb_text][et_pb_text _builder_version=&#8221;4.27.4&#8243; _module_preset=&#8221;default&#8221; text_orientation=&#8221;center&#8221; text_orientation_tablet=&#8221;&#8221; text_orientation_phone=&#8221;center&#8221; text_orientation_last_edited=&#8221;on|phone&#8221; global_colors_info=&#8221;{}&#8221;]Ha m\u00e1r unod a konyh\u00e1ban t\u00f6lt\u00f6tt \u00f3r\u00e1kat \u00e9s a men\u00fctervez\u00e9s kih\u00edv\u00e1sait, akkor hagyd, hogy levegy\u00fck a terhet a v\u00e1lladr\u00f3l! <\/p>\n<p>A Le Til K\u00faria kifinomult \u00edzei \u00e9s exkluz\u00edv aj\u00e1nlatai garant\u00e1lj\u00e1k, hogy az \u00fcnnep igaz\u00e1n k\u00fcl\u00f6nleges \u00e9s eml\u00e9kezetes legyen. B\u00edzd r\u00e1nk a h\u00fasv\u00e9ti el\u0151k\u00e9sz\u00fcleteket, v\u00e1logass gasztron\u00f3miai \u00f6ssze\u00e1ll\u00edt\u00e1sainkb\u00f3l.[\/et_pb_text][\/et_pb_column][\/et_pb_row][et_pb_row column_structure=&#8221;1_3,1_3,1_3&#8243; _builder_version=&#8221;4.27.4&#8243; _module_preset=&#8221;default&#8221; global_colors_info=&#8221;{}&#8221;][et_pb_column type=&#8221;1_3&#8243; _builder_version=&#8221;4.27.4&#8243; _module_preset=&#8221;default&#8221; custom_padding=&#8221;||||false|false&#8221; custom_padding_tablet=&#8221;0px||60px||false|false&#8221; custom_padding_last_edited=&#8221;off|desktop&#8221; global_colors_info=&#8221;{}&#8221;][et_pb_text module_id=&#8221;fotozas-div&#8221; _builder_version=&#8221;4.27.4&#8243; _module_preset=&#8221;default&#8221; header_font=&#8221;||||||||&#8221; header_2_font=&#8221;|||on|||||&#8221; header_2_text_color=&#8221;#aa845b&#8221; header_2_font_size=&#8221;24px&#8221; header_2_letter_spacing=&#8221;1px&#8221; width=&#8221;100%&#8221; width_tablet=&#8221;100%&#8221; width_phone=&#8221;100%&#8221; width_last_edited=&#8221;off|desktop&#8221; custom_margin=&#8221;||||false|false&#8221; custom_margin_tablet=&#8221;||10px||false|false&#8221; custom_margin_last_edited=&#8221;off|desktop&#8221; text_orientation_tablet=&#8221;center&#8221; text_orientation_phone=&#8221;center&#8221; text_orientation_last_edited=&#8221;on|phone&#8221; module_alignment_tablet=&#8221;&#8221; module_alignment_phone=&#8221;&#8221; module_alignment_last_edited=&#8221;on|tablet&#8221; global_colors_info=&#8221;{}&#8221;]<\/p>\n<h2>NAGY KOS\u00c1R 29.000.-<\/h2>\n<p>[\/et_pb_text][et_pb_text _builder_version=&#8221;4.27.4&#8243; _module_preset=&#8221;a447d920-a8c0-4386-a9d6-e41105b53a1f&#8221; text_font=&#8221;||||||||&#8221; global_colors_info=&#8221;{}&#8221;]<\/p>\n<ul>\n<li>S\u00e1rgat\u00far\u00f3<\/li>\n<li>H\u00e1zilag f\u00fcst\u00f6lt sonka<\/li>\n<li>F\u00fcst\u00f6lt kolb\u00e1sz<\/li>\n<li>Tormakr\u00e9m<\/li>\n<li>Kacsam\u00e1j p\u00e1st\u00e9tom<\/li>\n<li>Z\u00f6ldf\u0171szeres tepert\u0151kr\u00e9m<\/li>\n<li>K\u00f6r\u00f6z\u00f6tt<\/li>\n<li>H\u00e1zi fonott kal\u00e1cs<\/li>\n<li>\u00dajhagyma<\/li>\n<li>Kokt\u00e9l paradicsom<\/li>\n<li>Retek<\/li>\n<li>Kreinbacher Nagy-Soml\u00f3i Juhfark<\/li>\n<\/ul>\n<p>[\/et_pb_text][et_pb_button button_url=&#8221;#rendeles&#8221; button_text=&#8221;Rendel\u00e9s&#8221; button_alignment=&#8221;left&#8221; _builder_version=&#8221;4.27.4&#8243; _module_preset=&#8221;default&#8221; locked=&#8221;off&#8221; global_colors_info=&#8221;{}&#8221;][\/et_pb_button][\/et_pb_column][et_pb_column type=&#8221;1_3&#8243; _builder_version=&#8221;4.27.4&#8243; _module_preset=&#8221;default&#8221; custom_padding=&#8221;0px|0px|0px|0px|true|true&#8221; global_colors_info=&#8221;{}&#8221;][et_pb_image src=&#8221;https:\/\/letilkuria.hu\/wp-content\/uploads\/kis-kosar.webp&#8221; title_text=&#8221;kis-kosar&#8221; align=&#8221;center&#8221; disabled_on=&#8221;off|off|off&#8221; module_class=&#8221;rotate-bordered&#8221; _builder_version=&#8221;4.27.4&#8243; _module_preset=&#8221;default&#8221; width=&#8221;100%&#8221; width_tablet=&#8221;66%&#8221; width_phone=&#8221;66%&#8221; width_last_edited=&#8221;off|desktop&#8221; min_height=&#8221;450px&#8221; min_height_tablet=&#8221;450px&#8221; min_height_phone=&#8221;100%&#8221; min_height_last_edited=&#8221;on|phone&#8221; custom_padding=&#8221;||||false|false&#8221; custom_css_main_element=&#8221;object-fit:cover!important;&#8221; global_colors_info=&#8221;{}&#8221;][\/et_pb_image][\/et_pb_column][et_pb_column type=&#8221;1_3&#8243; _builder_version=&#8221;4.20.0&#8243; _module_preset=&#8221;default&#8221; global_colors_info=&#8221;{}&#8221;][et_pb_text module_id=&#8221;fotozas-div&#8221; _builder_version=&#8221;4.27.4&#8243; _module_preset=&#8221;default&#8221; header_font=&#8221;||||||||&#8221; header_2_font=&#8221;|||on|||||&#8221; header_2_text_color=&#8221;#aa845b&#8221; header_2_font_size=&#8221;24px&#8221; header_2_letter_spacing=&#8221;1px&#8221; width=&#8221;78%&#8221; width_tablet=&#8221;100%&#8221; width_phone=&#8221;100%&#8221; width_last_edited=&#8221;on|desktop&#8221; custom_margin=&#8221;||26px||false|false&#8221; custom_margin_tablet=&#8221;||10px||false|false&#8221; custom_margin_phone=&#8221;&#8221; custom_margin_last_edited=&#8221;on|desktop&#8221; text_orientation_tablet=&#8221;center&#8221; text_orientation_phone=&#8221;center&#8221; text_orientation_last_edited=&#8221;on|phone&#8221; module_alignment_tablet=&#8221;&#8221; module_alignment_phone=&#8221;&#8221; module_alignment_last_edited=&#8221;on|tablet&#8221; global_colors_info=&#8221;{}&#8221;]<\/p>\n<h2>KIS KOS\u00c1R 19.000.-<\/h2>\n<p>[\/et_pb_text][et_pb_text _builder_version=&#8221;4.27.4&#8243; _module_preset=&#8221;a447d920-a8c0-4386-a9d6-e41105b53a1f&#8221; text_font=&#8221;||||||||&#8221; global_colors_info=&#8221;{}&#8221;]<\/p>\n<ul>\n<li>Kacsam\u00e1j p\u00e1st\u00e9tom<\/li>\n<li>Z\u00f6ldf\u0171szeres tepert\u0151kr\u00e9m<\/li>\n<li>K\u00f6r\u00f6z\u00f6tt<\/li>\n<li>F\u00fcst\u00f6lt kolb\u00e1sz<\/li>\n<li>Tormakr\u00e9m<\/li>\n<li>\u00dajhagyma<\/li>\n<li>Kokt\u00e9l paradicsom<\/li>\n<li>Retek<\/li>\n<li>H\u00e1zi fonott kal\u00e1cs<\/li>\n<li>Nyakas Irsai Oliv\u00e9r<\/li>\n<\/ul>\n<p>[\/et_pb_text][et_pb_button button_url=&#8221;#rendeles&#8221; button_text=&#8221;Rendel\u00e9s&#8221; button_alignment=&#8221;left&#8221; _builder_version=&#8221;4.27.4&#8243; _module_preset=&#8221;default&#8221; locked=&#8221;off&#8221; global_colors_info=&#8221;{}&#8221;][\/et_pb_button][\/et_pb_column][\/et_pb_row][et_pb_row column_structure=&#8221;1_2,1_2&#8243; _builder_version=&#8221;4.27.4&#8243; _module_preset=&#8221;default&#8221; global_colors_info=&#8221;{}&#8221;][et_pb_column type=&#8221;1_2&#8243; _builder_version=&#8221;4.27.4&#8243; _module_preset=&#8221;default&#8221; custom_padding=&#8221;||||false|false&#8221; custom_padding_tablet=&#8221;0px||60px||false|false&#8221; custom_padding_last_edited=&#8221;off|desktop&#8221; global_colors_info=&#8221;{}&#8221;][et_pb_image src=&#8221;https:\/\/letilkuria.hu\/wp-content\/uploads\/nagy-kosar.webp&#8221; title_text=&#8221;nagy-kosar&#8221; align=&#8221;center&#8221; disabled_on=&#8221;off|off|off&#8221; module_class=&#8221;rotate-bordered&#8221; _builder_version=&#8221;4.27.4&#8243; _module_preset=&#8221;default&#8221; width=&#8221;100%&#8221; width_tablet=&#8221;66%&#8221; width_phone=&#8221;66%&#8221; width_last_edited=&#8221;off|desktop&#8221; min_height=&#8221;600px&#8221; min_height_tablet=&#8221;600px&#8221; min_height_phone=&#8221;100%&#8221; min_height_last_edited=&#8221;on|phone&#8221; custom_padding=&#8221;||||false|false&#8221; custom_css_main_element=&#8221;object-fit:cover;&#8221; locked=&#8221;off&#8221; global_colors_info=&#8221;{}&#8221;][\/et_pb_image][\/et_pb_column][et_pb_column type=&#8221;1_2&#8243; _builder_version=&#8221;4.27.4&#8243; _module_preset=&#8221;default&#8221; custom_padding=&#8221;||||false|false&#8221; custom_padding_tablet=&#8221;0px||60px||false|false&#8221; custom_padding_last_edited=&#8221;off|desktop&#8221; global_colors_info=&#8221;{}&#8221;][et_pb_text module_id=&#8221;fotozas-div&#8221; _builder_version=&#8221;4.27.4&#8243; _module_preset=&#8221;default&#8221; header_font=&#8221;||||||||&#8221; header_2_font=&#8221;|||on|||||&#8221; header_2_text_color=&#8221;#aa845b&#8221; header_2_font_size=&#8221;24px&#8221; header_2_letter_spacing=&#8221;1px&#8221; width=&#8221;100%&#8221; width_tablet=&#8221;100%&#8221; width_phone=&#8221;100%&#8221; width_last_edited=&#8221;off|desktop&#8221; custom_margin=&#8221;||||false|false&#8221; custom_margin_tablet=&#8221;||10px||false|false&#8221; custom_margin_last_edited=&#8221;off|desktop&#8221; text_orientation_tablet=&#8221;center&#8221; text_orientation_phone=&#8221;center&#8221; text_orientation_last_edited=&#8221;on|phone&#8221; module_alignment_tablet=&#8221;&#8221; module_alignment_phone=&#8221;&#8221; module_alignment_last_edited=&#8221;on|tablet&#8221; global_colors_info=&#8221;{}&#8221;]<\/p>\n<h2>S\u00dcLTES T\u00c1L 2 F\u0150 R\u00c9SZR\u00c9RE 16.900.-<\/h2>\n<p>[\/et_pb_text][et_pb_text _builder_version=&#8221;4.27.4&#8243; _module_preset=&#8221;a447d920-a8c0-4386-a9d6-e41105b53a1f&#8221; text_font=&#8221;||||||||&#8221; global_colors_info=&#8221;{}&#8221;]<\/p>\n<ul>\n<li>Komfit\u00e1lt f\u0171szeres kacsacomb<\/li>\n<li>\u00c9rlelt sonk\u00e1ba tekert z\u00f6ldf\u0171szeres csirkemell<\/li>\n<li>Szez\u00e1mmagos bund\u00e1ban s\u00fclt lazacsteak<\/li>\n<li>Sert\u00e9ssz\u0171z wellington<\/li>\n<li>R\u00e1ntott karfiol<\/li>\n<li>Vajban s\u00fclt par\u00e1zsburgonya<\/li>\n<li>J\u00e1zmin rizs<\/li>\n<\/ul>\n<p>[\/et_pb_text][et_pb_text module_id=&#8221;fotozas-div&#8221; _builder_version=&#8221;4.27.4&#8243; _module_preset=&#8221;default&#8221; header_font=&#8221;||||||||&#8221; header_2_font=&#8221;|||on|||||&#8221; header_2_text_color=&#8221;#aa845b&#8221; header_2_font_size=&#8221;24px&#8221; header_2_letter_spacing=&#8221;1px&#8221; width=&#8221;100%&#8221; width_tablet=&#8221;100%&#8221; width_phone=&#8221;100%&#8221; width_last_edited=&#8221;off|desktop&#8221; custom_margin=&#8221;||||false|false&#8221; custom_margin_tablet=&#8221;||10px||false|false&#8221; custom_margin_last_edited=&#8221;off|desktop&#8221; text_orientation_tablet=&#8221;center&#8221; text_orientation_phone=&#8221;center&#8221; text_orientation_last_edited=&#8221;on|phone&#8221; module_alignment_tablet=&#8221;&#8221; module_alignment_phone=&#8221;&#8221; module_alignment_last_edited=&#8221;on|tablet&#8221; global_colors_info=&#8221;{}&#8221;]<\/p>\n<h2>S\u00dcLTES T\u00c1L 2 F\u0150RE 14.900.-<\/h2>\n<p>[\/et_pb_text][et_pb_text _builder_version=&#8221;4.27.4&#8243; _module_preset=&#8221;a447d920-a8c0-4386-a9d6-e41105b53a1f&#8221; text_font=&#8221;||||||||&#8221; global_colors_info=&#8221;{}&#8221;]<\/p>\n<ul>\n<li>S\u00e1rgat\u00far\u00f3<\/li>\n<li>\u00c9rlelt sonk\u00e1val t\u00f6lt\u00f6tt csirkemell r\u00e1ntva<\/li>\n<li>Gyulai kolb\u00e1sszal t\u00f6lt\u00f6tt sert\u00e9skaraj<\/li>\n<li>Mediterr\u00e1n fas\u00edrtgoly\u00f3<\/li>\n<li>Pr\u00e9selt malaccs\u00fcl\u00f6k, c\u00e9kl\u00e1s tormakr\u00e9m<\/li>\n<li>Z\u00f6ldf\u0171szeres mascarpon\u00e9val t\u00f6lt\u00f6tt feketeerdei sonka<\/li>\n<li>F\u0151tt toj\u00e1s<\/li>\n<li>F\u0151tt sonka<\/li>\n<li>F\u0151tt kolb\u00e1sz<\/li>\n<\/ul>\n<p>[\/et_pb_text][\/et_pb_column][\/et_pb_row][et_pb_row column_structure=&#8221;1_2,1_2&#8243; _builder_version=&#8221;4.27.4&#8243; _module_preset=&#8221;default&#8221; custom_margin=&#8221;40px||40px||false|false&#8221; custom_margin_tablet=&#8221;40px||40px||false|false&#8221; custom_margin_phone=&#8221;0px||0px||false|false&#8221; custom_margin_last_edited=&#8221;on|phone&#8221; global_colors_info=&#8221;{}&#8221;][et_pb_column type=&#8221;1_2&#8243; _builder_version=&#8221;4.27.4&#8243; _module_preset=&#8221;default&#8221; custom_padding=&#8221;||||false|false&#8221; custom_padding_tablet=&#8221;0px||60px||false|false&#8221; custom_padding_last_edited=&#8221;off|desktop&#8221; global_colors_info=&#8221;{}&#8221;][et_pb_text module_id=&#8221;fotozas-div&#8221; _builder_version=&#8221;4.27.4&#8243; _module_preset=&#8221;default&#8221; header_font=&#8221;||||||||&#8221; header_2_font=&#8221;|||on|||||&#8221; header_2_text_color=&#8221;#aa845b&#8221; header_2_font_size=&#8221;24px&#8221; header_2_letter_spacing=&#8221;1px&#8221; width=&#8221;78%&#8221; width_tablet=&#8221;100%&#8221; width_phone=&#8221;100%&#8221; width_last_edited=&#8221;on|desktop&#8221; custom_margin=&#8221;||26px||false|false&#8221; custom_margin_tablet=&#8221;||10px||false|false&#8221; custom_margin_phone=&#8221;&#8221; custom_margin_last_edited=&#8221;on|desktop&#8221; text_orientation_tablet=&#8221;center&#8221; text_orientation_phone=&#8221;center&#8221; text_orientation_last_edited=&#8221;on|phone&#8221; module_alignment_tablet=&#8221;&#8221; module_alignment_phone=&#8221;&#8221; module_alignment_last_edited=&#8221;on|tablet&#8221; global_colors_info=&#8221;{}&#8221;]<\/p>\n<h2>EGY\u00c9B FINOMS\u00c1GOK <\/h2>\n<p>[\/et_pb_text][et_pb_text _builder_version=&#8221;4.27.4&#8243; _module_preset=&#8221;a447d920-a8c0-4386-a9d6-e41105b53a1f&#8221; text_font=&#8221;||||||||&#8221; global_colors_info=&#8221;{}&#8221;]<\/p>\n<ul>\n<li>\u00dajhagym\u00e1s kukoricasal\u00e1ta 0,5 kg 2.490.-<\/li>\n<li>Burgonyasal\u00e1ta, marin\u00e1lt lilahagyma 0,5 kg 2.490.-<\/li>\n<li>Oroszh\u00fassal\u00e1ta 0,5 kg 2.890.-<\/li>\n<li>Szarvasgomb\u00e1s kaszin\u00f3toj\u00e1s 3.500.-<\/li>\n<li>Kaszin\u00f3toj\u00e1s 3.000.-<\/li>\n<li>B\u00e1r\u00e1ny vagdalt, f\u00fcst\u00f6lt f\u00fcrjtoj\u00e1ssal t\u00f6ltve 2 f\u0151 r\u00e9sz\u00e9re 8.900.-<\/li>\n<li>H\u00e1zi fonott kal\u00e1cs 2.100.-<\/li>\n<li>S\u00e1rgat\u00far\u00f3 2 f\u0151 r\u00e9sz\u00e9re 5.500.-<\/li>\n<\/ul>\n<p>[\/et_pb_text][et_pb_button button_url=&#8221;#rendeles&#8221; button_text=&#8221;Rendel\u00e9s&#8221; button_alignment=&#8221;left&#8221; _builder_version=&#8221;4.27.4&#8243; _module_preset=&#8221;default&#8221; locked=&#8221;off&#8221; global_colors_info=&#8221;{}&#8221;][\/et_pb_button][\/et_pb_column][et_pb_column type=&#8221;1_2&#8243; _builder_version=&#8221;4.20.0&#8243; _module_preset=&#8221;default&#8221; global_colors_info=&#8221;{}&#8221;][et_pb_image src=&#8221;https:\/\/letilkuria.hu\/wp-content\/uploads\/egyeb.webp&#8221; title_text=&#8221;egyeb&#8221; align=&#8221;center&#8221; disabled_on=&#8221;off|off|off&#8221; module_class=&#8221;rotate-bordered&#8221; _builder_version=&#8221;4.27.4&#8243; _module_preset=&#8221;default&#8221; width=&#8221;100%&#8221; width_tablet=&#8221;66%&#8221; width_phone=&#8221;66%&#8221; width_last_edited=&#8221;off|desktop&#8221; min_height=&#8221;350px&#8221; min_height_tablet=&#8221;350px&#8221; min_height_phone=&#8221;100%&#8221; min_height_last_edited=&#8221;on|phone&#8221; custom_padding=&#8221;||||false|false&#8221; custom_css_main_element=&#8221;object-fit:cover;&#8221; global_colors_info=&#8221;{}&#8221;][\/et_pb_image][\/et_pb_column][\/et_pb_row][et_pb_row column_structure=&#8221;1_2,1_2&#8243; _builder_version=&#8221;4.27.4&#8243; _module_preset=&#8221;default&#8221; global_colors_info=&#8221;{}&#8221; custom_css_main_element_last_edited=&#8221;on|phone&#8221; custom_css_main_element_phone=&#8221;display: flex;||flex-wrap: wrap;&#8221;][et_pb_column type=&#8221;1_2&#8243; _builder_version=&#8221;4.27.4&#8243; _module_preset=&#8221;default&#8221; global_colors_info=&#8221;{}&#8221; custom_css_main_element_last_edited=&#8221;on|phone&#8221; custom_css_main_element_phone=&#8221;order:2;&#8221;][et_pb_image src=&#8221;https:\/\/letilkuria.hu\/wp-content\/uploads\/ph2-0104-edit-67d93c94126d4.webp&#8221; title_text=&#8221;ph2-0104-edit-67d93c94126d4&#8243; align=&#8221;center&#8221; disabled_on=&#8221;off|off|off&#8221; module_class=&#8221;rotate-bordered&#8221; _builder_version=&#8221;4.27.4&#8243; _module_preset=&#8221;default&#8221; width=&#8221;45%&#8221; width_tablet=&#8221;51%&#8221; width_phone=&#8221;66%&#8221; width_last_edited=&#8221;on|tablet&#8221; custom_margin_tablet=&#8221;&#8221; custom_margin_phone=&#8221;40px||||false|false&#8221; custom_margin_last_edited=&#8221;on|phone&#8221; custom_padding=&#8221;||||false|false&#8221; global_colors_info=&#8221;{}&#8221;][\/et_pb_image][\/et_pb_column][et_pb_column type=&#8221;1_2&#8243; _builder_version=&#8221;4.27.4&#8243; _module_preset=&#8221;default&#8221; custom_padding=&#8221;||||false|false&#8221; custom_padding_tablet=&#8221;0px||60px||false|false&#8221; custom_padding_last_edited=&#8221;off|desktop&#8221; global_colors_info=&#8221;{}&#8221;][et_pb_text module_id=&#8221;fotozas-div&#8221; _builder_version=&#8221;4.27.4&#8243; _module_preset=&#8221;default&#8221; header_font=&#8221;||||||||&#8221; header_2_font=&#8221;|||on|||||&#8221; header_2_text_color=&#8221;#aa845b&#8221; header_2_font_size=&#8221;24px&#8221; header_2_letter_spacing=&#8221;1px&#8221; width=&#8221;78%&#8221; width_tablet=&#8221;100%&#8221; width_phone=&#8221;100%&#8221; width_last_edited=&#8221;on|desktop&#8221; custom_margin=&#8221;||26px||false|false&#8221; custom_margin_tablet=&#8221;||10px||false|false&#8221; custom_margin_phone=&#8221;&#8221; custom_margin_last_edited=&#8221;on|desktop&#8221; text_orientation_tablet=&#8221;center&#8221; text_orientation_phone=&#8221;center&#8221; text_orientation_last_edited=&#8221;on|phone&#8221; module_alignment_tablet=&#8221;&#8221; module_alignment_phone=&#8221;&#8221; module_alignment_last_edited=&#8221;on|tablet&#8221; global_colors_info=&#8221;{}&#8221;]<\/p>\n<h2>S\u00dcTEM\u00c9NYEK<\/h2>\n<p>[\/et_pb_text][et_pb_text _builder_version=&#8221;4.27.4&#8243; _module_preset=&#8221;a447d920-a8c0-4386-a9d6-e41105b53a1f&#8221; text_font=&#8221;||||||||&#8221; global_colors_info=&#8221;{}&#8221;]<\/p>\n<ul>\n<li>F\u0171szeres r\u00e9patorta &#8211; 10 szeletes 12.000.-<\/li>\n<li>Macaron toj\u00e1sok \/dubai csoki, maracuja \u00edzben\/ &#8211; 10 db-os boxban 6.600.-<\/li>\n<li>H\u00fasv\u00e9ti s\u00fctis boksz \/k\u00f6rte-tejcsoki-di\u00f3 szelet, medovik, pek\u00e1ndi\u00f3s csokis keksz, m\u00e1kos-citromkr\u00e9mes linzer\/ &#8211; 16 darabos 8.500.-<\/li>\n<\/ul>\n<p>[\/et_pb_text][et_pb_button button_url=&#8221;#rendeles&#8221; button_text=&#8221;Rendel\u00e9s&#8221; button_alignment=&#8221;left&#8221; _builder_version=&#8221;4.27.4&#8243; _module_preset=&#8221;default&#8221; global_colors_info=&#8221;{}&#8221;][\/et_pb_button][\/et_pb_column][\/et_pb_row][\/et_pb_section][et_pb_section fb_built=&#8221;1&#8243; custom_padding_last_edited=&#8221;on|tablet&#8221; _builder_version=&#8221;4.27.4&#8243; _module_preset=&#8221;default&#8221; custom_margin_tablet=&#8221;0px||||false|false&#8221; custom_margin_phone=&#8221;0px||||false|false&#8221; custom_margin_last_edited=&#8221;on|tablet&#8221; custom_padding_tablet=&#8221;0px||||false|false&#8221; custom_padding_phone=&#8221;0px||||false|false&#8221; global_colors_info=&#8221;{}&#8221;][et_pb_row module_id=&#8221;rendeles&#8221; _builder_version=&#8221;4.27.4&#8243; _module_preset=&#8221;default&#8221; custom_css_main_element=&#8221;.gform_title{||  text-align: center;||}&#8221; global_colors_info=&#8221;{}&#8221;][et_pb_column type=&#8221;4_4&#8243; _builder_version=&#8221;4.19.1&#8243; _module_preset=&#8221;default&#8221; global_colors_info=&#8221;{}&#8221;][et_pb_text _builder_version=&#8221;4.27.4&#8243; _module_preset=&#8221;default&#8221; header_text_align=&#8221;center&#8221; header_text_color=&#8221;#aa845b&#8221; custom_margin=&#8221;||36px||false|false&#8221; global_colors_info=&#8221;{}&#8221;]<\/p>\n<h1 class=\"decor-down\" style=\"text-align: center;\">Rendel\u00e9s<\/h1>\n<p>[\/et_pb_text][et_pb_text _builder_version=&#8221;4.27.4&#8243; _module_preset=&#8221;default&#8221; text_orientation=&#8221;center&#8221; global_colors_info=&#8221;{}&#8221;]<\/p>\n<p>Csomagol\u00e1s 500 forint, sal\u00e1t\u00e1k eset\u00e9ben 300 forint<\/p>\n<p><strong>Kissz\u00e1ll\u00edt\u00e1s Nagyk\u00e1ll\u00f3, Ny\u00edregyh\u00e1za \u00e9s Debrecen<\/strong><\/p>\n<p>A rendel\u00e9s kisz\u00e1ll\u00edt\u00e1sa: 2025.04.20.-\u00e1n (vas\u00e1rnap) 10-14 \u00f3ra k\u00f6z\u00f6tt.<\/p>\n<p>[\/et_pb_text][et_pb_text _builder_version=&#8221;4.27.4&#8243; _module_preset=&#8221;default&#8221; custom_css_main_element=&#8221;.gform_description{||  text-align: center;||  margin-bottom: 30px;||}&#8221; global_colors_info=&#8221;{}&#8221;]<\/p>\n\n<p>[\/et_pb_text][\/et_pb_column][\/et_pb_row][\/et_pb_section]<\/p>\n","protected":false},"excerpt":{"rendered":"<p>EASTER @ Le Til Mansion A rendel\u00e9st lead\u00e1sa: szerd\u00e1ig 2025.04.16.-igTedd az idei h\u00fasv\u00e9tot felejthetetlen\u00fcl \u00fcnnepiv\u00e9! Ha m\u00e1r unod a konyh\u00e1ban t\u00f6lt\u00f6tt \u00f3r\u00e1kat \u00e9s a men\u00fctervez\u00e9s kih\u00edv\u00e1sait, akkor hagyd, hogy levegy\u00fck a terhet a v\u00e1lladr\u00f3l! A Le Til K\u00faria kifinomult \u00edzei \u00e9s exkluz\u00edv aj\u00e1nlatai garant\u00e1lj\u00e1k, hogy az \u00fcnnep igaz\u00e1n k\u00fcl\u00f6nleges \u00e9s eml\u00e9kezetes legyen. B\u00edzd r\u00e1nk a [&hellip;]<\/p>\n","protected":false},"author":1,"featured_media":3493,"parent":0,"menu_order":0,"comment_status":"closed","ping_status":"closed","template":"","meta":{"_et_pb_use_builder":"on","_et_pb_old_content":"<!-- wp:divi\/placeholder \/-->","_et_gb_content_width":"","footnotes":""},"class_list":["post-3491","page","type-page","status-publish","has-post-thumbnail","hentry"],"_links":{"self":[{"href":"https:\/\/letilkuria.hu\/en\/wp-json\/wp\/v2\/pages\/3491","targetHints":{"allow":["GET"]}}],"collection":[{"href":"https:\/\/letilkuria.hu\/en\/wp-json\/wp\/v2\/pages"}],"about":[{"href":"https:\/\/letilkuria.hu\/en\/wp-json\/wp\/v2\/types\/page"}],"author":[{"embeddable":true,"href":"https:\/\/letilkuria.hu\/en\/wp-json\/wp\/v2\/users\/1"}],"replies":[{"embeddable":true,"href":"https:\/\/letilkuria.hu\/en\/wp-json\/wp\/v2\/comments?post=3491"}],"version-history":[{"count":0,"href":"https:\/\/letilkuria.hu\/en\/wp-json\/wp\/v2\/pages\/3491\/revisions"}],"wp:featuredmedia":[{"embeddable":true,"href":"https:\/\/letilkuria.hu\/en\/wp-json\/wp\/v2\/media\/3493"}],"wp:attachment":[{"href":"https:\/\/letilkuria.hu\/en\/wp-json\/wp\/v2\/media?parent=3491"}],"curies":[{"name":"wp","href":"https:\/\/api.w.org\/{rel}","templated":true}]}}