{"id":3255,"date":"2025-02-05T09:10:53","date_gmt":"2025-02-05T09:10:53","guid":{"rendered":"https:\/\/letilkuria.hu\/?page_id=3255"},"modified":"2025-04-24T08:59:10","modified_gmt":"2025-04-24T08:59:10","slug":"thanks-for-registration-carneval","status":"publish","type":"page","link":"https:\/\/letilkuria.hu\/en\/thanks-for-registration-carneval\/","title":{"rendered":"K\u00f6sz\u00f6nj\u00fck, hogy el\u0151regisztr\u00e1lt\u00e1l esk\u00fcv\u0151i nyiltnapunkra"},"content":{"rendered":"<p>[et_pb_section fb_built=&#8221;1&#8243; _builder_version=&#8221;4.16&#8243; _module_preset=&#8221;default&#8221; custom_padding=&#8221;0px||0px|||&#8221; global_colors_info=&#8221;{}&#8221;][et_pb_row _builder_version=&#8221;4.19.1&#8243; _module_preset=&#8221;default&#8221; max_width=&#8221;1200px&#8221; custom_margin=&#8221;40px||40px||false|false&#8221; global_colors_info=&#8221;{}&#8221;][et_pb_column type=&#8221;4_4&#8243; _builder_version=&#8221;4.16&#8243; _module_preset=&#8221;default&#8221; global_colors_info=&#8221;{}&#8221;][et_pb_text _builder_version=&#8221;4.27.4&#8243; _module_preset=&#8221;default&#8221; header_text_align=&#8221;center&#8221; header_text_color=&#8221;#aa845b&#8221; custom_margin=&#8221;||36px||false|false&#8221; hover_enabled=&#8221;0&#8243; global_colors_info=&#8221;{}&#8221; sticky_enabled=&#8221;0&#8243;]<\/p>\n<h1 class=\"decor-down\">K\u00f6sz\u00f6nj\u00fck, hogy el\u0151regisztr\u00e1lt\u00e1l esk\u00fcv\u0151i nyiltnapunkra!<\/h1>\n<p>[\/et_pb_text][et_pb_text _builder_version=&#8221;4.27.4&#8243; _module_preset=&#8221;default&#8221; text_orientation=&#8221;center&#8221; width=&#8221;75%&#8221; module_alignment=&#8221;center&#8221; hover_enabled=&#8221;0&#8243; global_colors_info=&#8221;{}&#8221; sticky_enabled=&#8221;0&#8243;]<\/p>\n<p>\u00d6r\u00f6m\u00fcnkre szolg\u00e1l, hogy az esk\u00fcv\u0151i nyiltnapunkra el\u0151regisztr\u00e1lt\u00e1l!<br \/>Hamarosan r\u00e9szletes t\u00e1j\u00e9koztat\u00e1st k\u00fcld\u00fcnk Neked a megadott adatok alapj\u00e1n.<br \/>Ha b\u00e1rmilyen k\u00e9rd\u00e9sed van addig is, fordulj hozz\u00e1nk bizalommal!<\/p>\n<p>[\/et_pb_text][et_pb_button button_url=&#8221;\/&#8221; button_text=&#8221;F\u0151oldal&#8221; button_alignment=&#8221;center&#8221; _builder_version=&#8221;4.19.1&#8243; _module_preset=&#8221;default&#8221; global_colors_info=&#8221;{}&#8221;][\/et_pb_button][\/et_pb_column][\/et_pb_row][\/et_pb_section]<\/p>\n","protected":false},"excerpt":{"rendered":"<p>K\u00f6sz\u00f6nj\u00fck, hogy el\u0151regisztr\u00e1lt\u00e1l esk\u00fcv\u0151i nyiltnapunkra!\u00d6r\u00f6m\u00fcnkre szolg\u00e1l, hogy az esk\u00fcv\u0151i nyiltnapunkra el\u0151regisztr\u00e1lt\u00e1l!Hamarosan r\u00e9szletes t\u00e1j\u00e9koztat\u00e1st k\u00fcld\u00fcnk Neked a megadott adatok alapj\u00e1n.Ha b\u00e1rmilyen k\u00e9rd\u00e9sed van addig is, fordulj hozz\u00e1nk bizalommal!<\/p>","protected":false},"author":1,"featured_media":0,"parent":0,"menu_order":0,"comment_status":"closed","ping_status":"closed","template":"","meta":{"_et_pb_use_builder":"on","_et_pb_old_content":"<!-- wp:divi\/placeholder \/-->","_et_gb_content_width":"","footnotes":""},"class_list":["post-3255","page","type-page","status-publish","hentry"],"_links":{"self":[{"href":"https:\/\/letilkuria.hu\/en\/wp-json\/wp\/v2\/pages\/3255","targetHints":{"allow":["GET"]}}],"collection":[{"href":"https:\/\/letilkuria.hu\/en\/wp-json\/wp\/v2\/pages"}],"about":[{"href":"https:\/\/letilkuria.hu\/en\/wp-json\/wp\/v2\/types\/page"}],"author":[{"embeddable":true,"href":"https:\/\/letilkuria.hu\/en\/wp-json\/wp\/v2\/users\/1"}],"replies":[{"embeddable":true,"href":"https:\/\/letilkuria.hu\/en\/wp-json\/wp\/v2\/comments?post=3255"}],"version-history":[{"count":0,"href":"https:\/\/letilkuria.hu\/en\/wp-json\/wp\/v2\/pages\/3255\/revisions"}],"wp:attachment":[{"href":"https:\/\/letilkuria.hu\/en\/wp-json\/wp\/v2\/media?parent=3255"}],"curies":[{"name":"wp","href":"https:\/\/api.w.org\/{rel}","templated":true}]}}