{"id":3082,"date":"2024-11-25T09:21:21","date_gmt":"2024-11-25T09:21:21","guid":{"rendered":"https:\/\/letilkuria.hu\/?page_id=3082"},"modified":"2024-11-25T09:25:40","modified_gmt":"2024-11-25T09:25:40","slug":"guest-book","status":"publish","type":"page","link":"https:\/\/letilkuria.hu\/en\/guest-book\/","title":{"rendered":"Guest's book"},"content":{"rendered":"<p>[et_pb_section fb_built=&#8221;1&#8243; _builder_version=&#8221;4.16&#8243; _module_preset=&#8221;default&#8221; custom_padding=&#8221;0px||0px|||&#8221; global_colors_info=&#8221;{}&#8221;][et_pb_row _builder_version=&#8221;4.19.1&#8243; _module_preset=&#8221;default&#8221; use_background_color_gradient=&#8221;on&#8221; background_color_gradient_stops=&#8221;rgba(255,255,255,0) 60%|gcid-e0fae7ad-d98e-4392-872e-a72c4844db92 89%&#8221; background_image=&#8221;https:\/\/letilkuria.hu\/wp-content\/uploads\/vendegkonyv-kep-674441bfafb80.webp&#8221; background_blend=&#8221;multiply&#8221; width=&#8221;100%&#8221; max_width=&#8221;100%&#8221; min_height=&#8221;80vh&#8221; min_height_tablet=&#8221;50vh&#8221; min_height_phone=&#8221;50vh&#8221; min_height_last_edited=&#8221;on|phone&#8221; hover_enabled=&#8221;0&#8243; background_last_edited=&#8221;off|phone&#8221; use_background_color_gradient_tablet=&#8221;on&#8221; use_background_color_gradient_phone=&#8221;on&#8221; background_color_gradient_stops_tablet=&#8221;rgba(255,255,255,0) 45%|#613a43 89%&#8221; background_color_gradient_stops_phone=&#8221;rgba(255,255,255,0) 35%|#613a43 80%&#8221; custom_css_main_element=&#8221;  display: flex;||    justify-content: center;||    align-items: flex-end;&#8221; global_colors_info=&#8221;{%22gcid-e0fae7ad-d98e-4392-872e-a72c4844db92%22:%91%22background_color_gradient_stops%22%93}&#8221; title_text=&#8221;vendegkonyv-kep-674441bfafb80&#8243; sticky_enabled=&#8221;0&#8243;][et_pb_column type=&#8221;4_4&#8243; _builder_version=&#8221;4.19.1&#8243; _module_preset=&#8221;default&#8221; global_colors_info=&#8221;{}&#8221;][et_pb_text content_tablet=&#8221;<\/p>\n<h1 class=%22decor-down%22>\u00c9lm\u00e9ny, mely \u00f6r\u00f6kre mag\u00e1val ragad!<\/h1>\n<p>&#8221; content_phone=&#8221;<\/p>\n<h1 class=%22decor-down%22>\u00c9lm\u00e9ny, mely \u00f6r\u00f6kre mag\u00e1val ragad!<\/h1>\n<p>&#8221; content_last_edited=&#8221;off|desktop&#8221; module_class=&#8221;heading-decor-white&#8221; _builder_version=&#8221;4.19.1&#8243; _module_preset=&#8221;default&#8221; text_text_color=&#8221;#FFFFFF&#8221; header_text_align=&#8221;center&#8221; header_text_color=&#8221;#FFFFFF&#8221; header_font_size=&#8221;36px&#8221; custom_padding=&#8221;||16px||false|false&#8221; hover_enabled=&#8221;0&#8243; header_font_size_tablet=&#8221;36px&#8221; header_font_size_phone=&#8221;32px&#8221; header_font_size_last_edited=&#8221;on|phone&#8221; global_colors_info=&#8221;{}&#8221; sticky_enabled=&#8221;0&#8243;]<\/p>\n<h1 class=\"decor-down\">Vend\u00e9gk\u00f6nyv<\/h1>\n<p>[\/et_pb_text][\/et_pb_column][\/et_pb_row][\/et_pb_section][et_pb_section fb_built=&#8221;1&#8243; module_id=&#8221;ajanlatkeres&#8221; _builder_version=&#8221;4.19.1&#8243; _module_preset=&#8221;default&#8221; background_color=&#8221;rgba(0,0,0,0)&#8221; background_enable_image=&#8221;off&#8221; custom_padding=&#8221;0px||0px|||&#8221; hover_enabled=&#8221;0&#8243; global_colors_info=&#8221;{}&#8221; custom_margin=&#8221;40px||40px||false|false&#8221; sticky_enabled=&#8221;0&#8243;][et_pb_row _builder_version=&#8221;4.19.1&#8243; _module_preset=&#8221;default&#8221;][et_pb_column _builder_version=&#8221;4.19.1&#8243; _module_preset=&#8221;default&#8221; type=&#8221;4_4&#8243;][et_pb_text _builder_version=&#8221;4.19.1&#8243; _module_preset=&#8221;default&#8221; hover_enabled=&#8221;0&#8243; sticky_enabled=&#8221;0&#8243; text_font=&#8221;||||||||&#8221; text_orientation=&#8221;center&#8221;]<\/p>\n<p>Szeretn\u00e9d tudni, milyen \u00e9rz\u00e9s n\u00e1lunk megsz\u00e1llni? Olvasd el, mit gondolnak azok, akik m\u00e1r \u00e1t\u00e9lt\u00e9k a Le Til K\u00faria \u00e9lm\u00e9ny\u00e9t! Vend\u00e9geink \u0151szinte visszajelz\u00e9sei seg\u00edtenek nek\u00fcnk abban, hogy folyamatosan fejl\u0151dj\u00fcnk, \u00e9s a Te pihen\u00e9sed is t\u00f6k\u00e9letes legyen.<\/p>\n<p>[\/et_pb_text][\/et_pb_column][\/et_pb_row][et_pb_row column_structure=&#8221;1_3,1_3,1_3&#8243; _builder_version=&#8221;4.19.1&#8243; _module_preset=&#8221;default&#8221; custom_margin=&#8221;||||false|false&#8221; global_colors_info=&#8221;{}&#8221;][et_pb_column type=&#8221;1_3&#8243; _builder_version=&#8221;4.19.1&#8243; _module_preset=&#8221;default&#8221; global_colors_info=&#8221;{}&#8221;][et_pb_testimonial author=&#8221;Krisztina&#8221; quote_icon_color=&#8221;gcid-e0fae7ad-d98e-4392-872e-a72c4844db92&#8243; _builder_version=&#8221;4.19.1&#8243; _module_preset=&#8221;default&#8221; body_font_size=&#8221;14px&#8221; author_font_size=&#8221;14px&#8221; background_color=&#8221;gcid-e5d90f73-3295-4f8d-a837-00a64c7ba31d&#8221; text_orientation=&#8221;center&#8221; global_colors_info=&#8221;{%22gcid-e0fae7ad-d98e-4392-872e-a72c4844db92%22:%91%22quote_icon_color%22%93,%22gcid-e5d90f73-3295-4f8d-a837-00a64c7ba31d%22:%91%22background_color%22%93}&#8221;]<\/p>\n<p>&#8222;Mes\u00e9s helysz\u00edn, ahol minden apr\u00f3 r\u00e9szlet a k\u00e9nyelmet \u00e9s nyugalmat szolg\u00e1lja. Egy h\u00e9tv\u00e9ge itt fel\u00e9r egy h\u00f3nap pihen\u00e9ssel!&#8221;<\/p>\n<p>[\/et_pb_testimonial][\/et_pb_column][et_pb_column type=&#8221;1_3&#8243; _builder_version=&#8221;4.19.1&#8243; _module_preset=&#8221;default&#8221; global_colors_info=&#8221;{}&#8221;][et_pb_testimonial author=&#8221;R\u00f3bert&#8221; quote_icon_color=&#8221;gcid-e0fae7ad-d98e-4392-872e-a72c4844db92&#8243; _builder_version=&#8221;4.19.1&#8243; _module_preset=&#8221;default&#8221; body_font_size=&#8221;14px&#8221; author_font_size=&#8221;14px&#8221; background_color=&#8221;gcid-e5d90f73-3295-4f8d-a837-00a64c7ba31d&#8221; text_orientation=&#8221;center&#8221; global_colors_info=&#8221;{%22gcid-e0fae7ad-d98e-4392-872e-a72c4844db92%22:%91%22quote_icon_color%22%93,%22gcid-e5d90f73-3295-4f8d-a837-00a64c7ba31d%22:%91%22background_color%22%93}&#8221;]<\/p>\n<p>&#8222;Kifog\u00e1stalan kiszolg\u00e1l\u00e1s \u00e9s var\u00e1zslatos k\u00f6rnyezet. A K\u00faria t\u00f6k\u00e9letes v\u00e1laszt\u00e1s volt a csal\u00e1di kikapcsol\u00f3d\u00e1sra!&#8221;<\/p>\n<p>[\/et_pb_testimonial][\/et_pb_column][et_pb_column type=&#8221;1_3&#8243; _builder_version=&#8221;4.19.1&#8243; _module_preset=&#8221;default&#8221; global_colors_info=&#8221;{}&#8221;][et_pb_testimonial author=&#8221;\u00c9va&#8221; quote_icon_color=&#8221;gcid-e0fae7ad-d98e-4392-872e-a72c4844db92&#8243; _builder_version=&#8221;4.19.1&#8243; _module_preset=&#8221;default&#8221; body_font_size=&#8221;14px&#8221; author_font_size=&#8221;14px&#8221; background_color=&#8221;gcid-e5d90f73-3295-4f8d-a837-00a64c7ba31d&#8221; text_orientation=&#8221;center&#8221; global_colors_info=&#8221;{%22gcid-e0fae7ad-d98e-4392-872e-a72c4844db92%22:%91%22quote_icon_color%22%93,%22gcid-e5d90f73-3295-4f8d-a837-00a64c7ba31d%22:%91%22background_color%22%93}&#8221;]<\/p>\n<p>&#8222;Im\u00e1dtuk a sz\u00e1ll\u00e1s eleg\u00e1ns hangulat\u00e1t \u00e9s a k\u00f6rny\u00e9k nyugalm\u00e1t. M\u00e1r alig v\u00e1rjuk,<br \/>hogy visszat\u00e9rj\u00fcnk!&#8221;<\/p>\n<p>[\/et_pb_testimonial][\/et_pb_column][\/et_pb_row][\/et_pb_section]<\/p>\n","protected":false},"excerpt":{"rendered":"<p>Vend\u00e9gk\u00f6nyvSzeretn\u00e9d tudni, milyen \u00e9rz\u00e9s n\u00e1lunk megsz\u00e1llni? Olvasd el, mit gondolnak azok, akik m\u00e1r \u00e1t\u00e9lt\u00e9k a Le Til K\u00faria \u00e9lm\u00e9ny\u00e9t! Vend\u00e9geink \u0151szinte visszajelz\u00e9sei seg\u00edtenek nek\u00fcnk abban, hogy folyamatosan fejl\u0151dj\u00fcnk, \u00e9s a Te pihen\u00e9sed is t\u00f6k\u00e9letes legyen.&#8221;Mes\u00e9s helysz\u00edn, ahol minden apr\u00f3 r\u00e9szlet a k\u00e9nyelmet \u00e9s nyugalmat szolg\u00e1lja. Egy h\u00e9tv\u00e9ge itt fel\u00e9r egy h\u00f3nap pihen\u00e9ssel!&#8221;&#8221;Kifog\u00e1stalan kiszolg\u00e1l\u00e1s \u00e9s var\u00e1zslatos [&hellip;]<\/p>\n","protected":false},"author":1,"featured_media":0,"parent":0,"menu_order":0,"comment_status":"closed","ping_status":"closed","template":"","meta":{"_et_pb_use_builder":"on","_et_pb_old_content":"","_et_gb_content_width":"","footnotes":""},"class_list":["post-3082","page","type-page","status-publish","hentry"],"_links":{"self":[{"href":"https:\/\/letilkuria.hu\/en\/wp-json\/wp\/v2\/pages\/3082","targetHints":{"allow":["GET"]}}],"collection":[{"href":"https:\/\/letilkuria.hu\/en\/wp-json\/wp\/v2\/pages"}],"about":[{"href":"https:\/\/letilkuria.hu\/en\/wp-json\/wp\/v2\/types\/page"}],"author":[{"embeddable":true,"href":"https:\/\/letilkuria.hu\/en\/wp-json\/wp\/v2\/users\/1"}],"replies":[{"embeddable":true,"href":"https:\/\/letilkuria.hu\/en\/wp-json\/wp\/v2\/comments?post=3082"}],"version-history":[{"count":0,"href":"https:\/\/letilkuria.hu\/en\/wp-json\/wp\/v2\/pages\/3082\/revisions"}],"wp:attachment":[{"href":"https:\/\/letilkuria.hu\/en\/wp-json\/wp\/v2\/media?parent=3082"}],"curies":[{"name":"wp","href":"https:\/\/api.w.org\/{rel}","templated":true}]}}