{"id":10,"date":"2021-01-08T08:10:48","date_gmt":"2021-01-08T08:10:48","guid":{"rendered":"https:\/\/letilkuria.hu\/?page_id=10"},"modified":"2026-03-19T10:10:03","modified_gmt":"2026-03-19T10:10:03","slug":"fooldal","status":"publish","type":"page","link":"https:\/\/letilkuria.hu\/en\/","title":{"rendered":"MAIN PAGE"},"content":{"rendered":"<p>[et_pb_section fb_built=&#8221;1&#8243; _builder_version=&#8221;4.19.1&#8243; _module_preset=&#8221;default&#8221; custom_padding=&#8221;0px||0px||false|false&#8221; global_colors_info=&#8221;{}&#8221;][et_pb_row _builder_version=&#8221;4.19.1&#8243; _module_preset=&#8221;default&#8221; use_background_color_gradient=&#8221;on&#8221; background_color_gradient_stops=&#8221;rgba(255,255,255,0) 60%|gcid-e0fae7ad-d98e-4392-872e-a72c4844db92 90%&#8221; background_image=&#8221;https:\/\/letilkuria.hu\/wp-content\/uploads\/say-yes-wedding-photography-lili-es-adam-staff-3-of-344-1-671f8a3ce4261.webp&#8221; background_blend=&#8221;multiply&#8221; width=&#8221;100%&#8221; max_width=&#8221;100%&#8221; min_height=&#8221;80vh&#8221; min_height_tablet=&#8221;50vh&#8221; min_height_phone=&#8221;50vh&#8221; min_height_last_edited=&#8221;on|phone&#8221; background_last_edited=&#8221;off|phone&#8221; use_background_color_gradient_tablet=&#8221;on&#8221; use_background_color_gradient_phone=&#8221;on&#8221; background_color_gradient_stops_tablet=&#8221;rgba(255,255,255,0) 45%|#613a43 89%&#8221; background_color_gradient_stops_phone=&#8221;rgba(255,255,255,0) 35%|#613a43 80%&#8221; custom_css_main_element=&#8221;display: flex;||justify-content: center;||align-items: flex-end;||background-position: left 20%, right bottom;&#8221; global_colors_info=&#8221;{%22gcid-2f57a501-343f-4f48-8739-85f87e8132c1%22:%91%22background_color_gradient_stops%22,%22background_color_gradient_stops%22,%22background_color_gradient_stops%22%93,%22gcid-e0fae7ad-d98e-4392-872e-a72c4844db92%22:%91%22background_color_gradient_stops%22,%22background_color_gradient_stops%22,%22background_color_gradient_stops%22,%22background_color_gradient_stops%22,%22background_color_gradient_stops%22%93,%22gcid-e5d90f73-3295-4f8d-a837-00a64c7ba31d%22:%91%22background_color_gradient_stops%22,%22background_color_gradient_stops%22%93}&#8221;][et_pb_column type=&#8221;4_4&#8243; _builder_version=&#8221;4.19.1&#8243; _module_preset=&#8221;default&#8221; global_colors_info=&#8221;{}&#8221;][et_pb_text content_tablet=&#8221;<\/p>\n<h1 class=%22decor-down%22>\u00c9lm\u00e9ny, mely \u00f6r\u00f6kre mag\u00e1val ragad!<\/h1>\n<p>&#8221; content_phone=&#8221;<\/p>\n<h1 class=%22decor-down%22>\u00c9lm\u00e9ny, mely \u00f6r\u00f6kre mag\u00e1val ragad!<\/h1>\n<p>&#8221; content_last_edited=&#8221;on|phone&#8221; module_class=&#8221;heading-decor-white&#8221; _builder_version=&#8221;4.19.1&#8243; _module_preset=&#8221;default&#8221; text_text_color=&#8221;#FFFFFF&#8221; header_text_align=&#8221;center&#8221; header_text_color=&#8221;#FFFFFF&#8221; header_font_size=&#8221;36px&#8221; custom_padding=&#8221;||16px||false|false&#8221; header_font_size_tablet=&#8221;36px&#8221; header_font_size_phone=&#8221;32px&#8221; header_font_size_last_edited=&#8221;on|phone&#8221; global_colors_info=&#8221;{}&#8221;]<\/p>\n<h1 class=\"decor-down\">\u00c9lm\u00e9ny, mely \u00f6r\u00f6kre mag\u00e1val ragad!<\/h1>\n<p>[\/et_pb_text][\/et_pb_column][\/et_pb_row][et_pb_row _builder_version=&#8221;4.19.1&#8243; _module_preset=&#8221;default&#8221; width_tablet=&#8221;&#8221; width_phone=&#8221;90%&#8221; width_last_edited=&#8221;on|phone&#8221; max_width=&#8221;1200px&#8221; animation_style=&#8221;slide&#8221; animation_direction=&#8221;left&#8221; global_colors_info=&#8221;{}&#8221;][et_pb_column type=&#8221;4_4&#8243; _builder_version=&#8221;4.16&#8243; _module_preset=&#8221;default&#8221; global_colors_info=&#8221;{}&#8221;][et_pb_text _builder_version=&#8221;4.16&#8243; _module_preset=&#8221;default&#8221; header_text_align=&#8221;center&#8221; header_text_color=&#8221;#aa845b&#8221; header_2_text_align=&#8221;center&#8221; header_2_text_color=&#8221;#aa845b&#8221; header_2_font_size=&#8221;30px&#8221; custom_margin=&#8221;46px||24px||false|false&#8221; custom_padding=&#8221;||0px||false|false&#8221; global_colors_info=&#8221;{}&#8221;]<\/p>\n<h2>Letisztult elegancia, fiatalos mer\u00e9szs\u00e9g, formabont\u00f3 st\u00edlus,<\/h2>\n<h2>a h\u00f3feh\u00e9r hercegn\u0151 a maga nem\u00e9ben p\u00e1ratlan.<\/h2>\n<p>[\/et_pb_text][et_pb_text _builder_version=&#8221;4.19.1&#8243; _module_preset=&#8221;default&#8221; width=&#8221;90%&#8221; module_alignment=&#8221;center&#8221; global_colors_info=&#8221;{}&#8221;]<\/p>\n<p style=\"text-align: center;\">Klasszikusan eleg\u00e1ns \u00e9s sug\u00e1rz\u00f3an boh\u00e9m st\u00edlusjegyek \u00e9rz\u00e9ki kever\u00e9ke extravag\u00e1ns elemekkel. A h\u00f3feh\u00e9r k\u00f6nt\u00f6s\u00f6n t\u00fal, lelk\u00e9ben barokk hangok, lehelet\u00e9ben hipsteri j\u00e1t\u00e9koss\u00e1g kavarog.<\/p>\n<p style=\"text-align: center;\">Kozmopolita kast\u00e9ly, mely a st\u00edlus \u00e9s az elegancia jegy\u00e9ben \u00e9p\u00fclt, minden ig\u00e9nyt kiel\u00e9g\u00edt\u0151, p\u00e1ratlan k\u00f6rnyezetben, Biri k\u00f6zs\u00e9gben, a csend, a b\u00e9ke \u00e9s a nyugalom hat\u00e1r\u00e1n.<\/p>\n<p style=\"text-align: center;\">A Le Til K\u00faria tizenh\u00e9t sz\u00e1llodai szob\u00e1val, k\u00e9t lakoszt\u00e1llyal \u00e9s nyolc vend\u00e9gh\u00e1zzal v\u00e1rja vend\u00e9geit.<\/p>\n<p style=\"text-align: center;\">A sz\u00e1lloda f\u0151\u00e9p\u00fclet\u00e9nek I. emelet\u00e9n tal\u00e1lhat\u00f3 egyik lakoszt\u00e1lyunk, valamint n\u00e9gy k\u00e9t\u00e1gyas \u00e9s egy n\u00e9gy\u00e1gyas Superior szoba. Az f\u0151\u00e9p\u00fclet oldalsz\u00e1rny r\u00e9sz\u00e9ben fellelhet\u0151 Boutique Rooms n\u00e9gy k\u00e9t\u00e1gyas Superior szob\u00e1val rendelkezik. A f\u0151kapu bej\u00e1rat\u00e1n\u00e1l elhelyezked\u0151 Marie lakunk kett\u0151 k\u00e9t\u00e1gyas Superior szob\u00e1t foglal mag\u00e1ba. Ezen a ter\u00fcleten lehet megk\u00f6zel\u00edteni Bungall\u00f3inkat is, melyek egy-egy k\u00e9t\u00e1gyas Superior szob\u00e1val rendelkeznek. \u00dajonnan \u00e9p\u00fclt Spa r\u00e9szleg\u00fcnkben tal\u00e1lhat\u00f3 m\u00e1sik lakoszt\u00e1lyunk valamint n\u00e9gy k\u00e9t\u00e1gyas Superior szoba.<\/p>\n<p style=\"text-align: center;\">Bijou vend\u00e9gh\u00e1zaink az erd\u0151 m\u00e9ly\u00e9n megb\u00fav\u00f3, kis h\u00e1zik\u00f3k, melyek egy-egy k\u00e9t\u00e1gyas Superior szob\u00e1val<br \/>ny\u00fajtanak k\u00e9nyelmes pihen\u00e9st, a romantikus, term\u00e9szetk\u00f6zeli k\u00f6rnyezetben.<\/p>\n<p style=\"text-align: center;\">A k\u00faria egy XXI. sz\u00e1zadi t\u00f6k\u00e9ly, benne lenni \u00e9lm\u00e9ny, mely \u00f6r\u00f6kre mag\u00e1val ragad\u2026<\/p>\n<p>[\/et_pb_text][\/et_pb_column][\/et_pb_row][et_pb_row column_structure=&#8221;1_4,1_4,1_4,1_4&#8243; disabled_on=&#8221;on|on|on&#8221; admin_label=&#8221;Row&#8221; module_class=&#8221;row&#8211;index-blurb&#8221; _builder_version=&#8221;4.19.1&#8243; _module_preset=&#8221;default&#8221; max_width=&#8221;1200px&#8221; animation_style=&#8221;slide&#8221; animation_direction=&#8221;right&#8221; disabled=&#8221;on&#8221; global_colors_info=&#8221;{}&#8221;][et_pb_column type=&#8221;1_4&#8243; _builder_version=&#8221;4.16&#8243; _module_preset=&#8221;default&#8221; global_colors_info=&#8221;{}&#8221;][et_pb_blurb title=&#8221;A K\u00faria&#8221; url=&#8221;@ET-DC@eyJkeW5hbWljIjp0cnVlLCJjb250ZW50IjoicG9zdF9saW5rX3VybF9wYWdlIiwic2V0dGluZ3MiOnsicG9zdF9pZCI6IjQzIn19@&#8221; image=&#8221;https:\/\/letilkuria.hu\/wp-content\/uploads\/feyer_photography.730-1.jpg&#8221; alt=&#8221;Le Til k\u00faria&#8221; module_class=&#8221;transform-bordered&#8221; _builder_version=&#8221;4.19.1&#8243; _dynamic_attributes=&#8221;url,link_option_url&#8221; _module_preset=&#8221;default&#8221; header_level=&#8221;h2&#8243; header_text_align=&#8221;center&#8221; header_text_color=&#8221;#aa845b&#8221; header_font_size=&#8221;30px&#8221; animation=&#8221;off&#8221; link_option_url=&#8221;@ET-DC@eyJkeW5hbWljIjp0cnVlLCJjb250ZW50IjoicG9zdF9saW5rX3VybF9wYWdlIiwic2V0dGluZ3MiOnsicG9zdF9pZCI6IjM1In19@&#8221; global_colors_info=&#8221;{}&#8221;][\/et_pb_blurb][\/et_pb_column][et_pb_column type=&#8221;1_4&#8243; _builder_version=&#8221;4.16&#8243; _module_preset=&#8221;default&#8221; global_colors_info=&#8221;{}&#8221;][et_pb_blurb title=&#8221;Esk\u00fcv\u0151&#8221; url=&#8221;@ET-DC@eyJkeW5hbWljIjp0cnVlLCJjb250ZW50IjoicG9zdF9saW5rX3VybF9wYWdlIiwic2V0dGluZ3MiOnsicG9zdF9pZCI6IjM1In19@&#8221; image=&#8221;https:\/\/letilkuria.hu\/wp-content\/uploads\/norigergo-240615-201047-1-671f8a1417be1-scaled-1.png&#8221; alt=&#8221;Le Til k\u00faria&#8221; image_icon_width=&#8221;100%&#8221; module_class=&#8221;transform-bordered&#8221; _builder_version=&#8221;4.19.1&#8243; _dynamic_attributes=&#8221;url,link_option_url&#8221; _module_preset=&#8221;default&#8221; header_level=&#8221;h2&#8243; header_text_align=&#8221;center&#8221; header_text_color=&#8221;#aa845b&#8221; header_font_size=&#8221;30px&#8221; image_icon_custom_margin=&#8221;||||false|false&#8221; animation=&#8221;off&#8221; link_option_url=&#8221;@ET-DC@eyJkeW5hbWljIjp0cnVlLCJjb250ZW50IjoicG9zdF9saW5rX3VybF9wYWdlIiwic2V0dGluZ3MiOnsicG9zdF9pZCI6IjM1In19@&#8221; global_colors_info=&#8221;{}&#8221;][\/et_pb_blurb][\/et_pb_column][et_pb_column type=&#8221;1_4&#8243; _builder_version=&#8221;4.16&#8243; _module_preset=&#8221;default&#8221; global_colors_info=&#8221;{}&#8221;][et_pb_blurb title=&#8221;Fot\u00f3z\u00e1s&#8221; url=&#8221;@ET-DC@eyJkeW5hbWljIjp0cnVlLCJjb250ZW50IjoicG9zdF9saW5rX3VybF9wYWdlIiwic2V0dGluZ3MiOnsicG9zdF9pZCI6IjM5In19@&#8221; image=&#8221;https:\/\/letilkuria.hu\/wp-content\/uploads\/NoriGergo_240615_164234-1.jpg&#8221; alt=&#8221;Le Til k\u00faria&#8221; module_class=&#8221;transform-bordered&#8221; _builder_version=&#8221;4.19.1&#8243; _dynamic_attributes=&#8221;url,link_option_url&#8221; _module_preset=&#8221;default&#8221; header_level=&#8221;h2&#8243; header_text_align=&#8221;center&#8221; header_text_color=&#8221;#aa845b&#8221; header_font_size=&#8221;30px&#8221; animation=&#8221;off&#8221; link_option_url=&#8221;@ET-DC@eyJkeW5hbWljIjp0cnVlLCJjb250ZW50IjoicG9zdF9saW5rX3VybF9wYWdlIiwic2V0dGluZ3MiOnsicG9zdF9pZCI6IjM5In19@&#8221; locked=&#8221;off&#8221; global_colors_info=&#8221;{}&#8221;][\/et_pb_blurb][\/et_pb_column][et_pb_column type=&#8221;1_4&#8243; _builder_version=&#8221;4.16&#8243; _module_preset=&#8221;default&#8221; global_colors_info=&#8221;{}&#8221;][et_pb_blurb title=&#8221;Rendezv\u00e9ny&#8221; url=&#8221;@ET-DC@eyJkeW5hbWljIjp0cnVlLCJjb250ZW50IjoicG9zdF9saW5rX3VybF9wYWdlIiwic2V0dGluZ3MiOnsicG9zdF9pZCI6IjM3In19@&#8221; image=&#8221;https:\/\/letilkuria.hu\/wp-content\/uploads\/norigergo-240615-210741-1-671f8a03df0dd.webp&#8221; alt=&#8221;Le Til k\u00faria&#8221; module_class=&#8221;transform-bordered&#8221; _builder_version=&#8221;4.19.1&#8243; _dynamic_attributes=&#8221;url,link_option_url&#8221; _module_preset=&#8221;default&#8221; header_level=&#8221;h2&#8243; header_text_align=&#8221;center&#8221; header_text_color=&#8221;#aa845b&#8221; header_font_size=&#8221;30px&#8221; animation=&#8221;off&#8221; link_option_url=&#8221;@ET-DC@eyJkeW5hbWljIjp0cnVlLCJjb250ZW50IjoicG9zdF9saW5rX3VybF9wYWdlIiwic2V0dGluZ3MiOnsicG9zdF9pZCI6IjM3In19@&#8221; locked=&#8221;off&#8221; global_colors_info=&#8221;{}&#8221;][\/et_pb_blurb][\/et_pb_column][\/et_pb_row][et_pb_row column_structure=&#8221;1_4,1_4,1_4,1_4&#8243; admin_label=&#8221;Row&#8221; module_class=&#8221;row&#8211;index-blurb&#8221; _builder_version=&#8221;4.19.1&#8243; _module_preset=&#8221;default&#8221; max_width=&#8221;1200px&#8221; custom_padding=&#8221;||60px||false|false&#8221; animation_style=&#8221;slide&#8221; animation_direction=&#8221;right&#8221; global_colors_info=&#8221;{}&#8221;][et_pb_column type=&#8221;1_4&#8243; _builder_version=&#8221;4.19.1&#8243; _dynamic_attributes=&#8221;link_option_url&#8221; _module_preset=&#8221;default&#8221; use_background_color_gradient=&#8221;on&#8221; background_color_gradient_stops=&#8221;rgba(255,255,255,0) 30%|gcid-e0fae7ad-d98e-4392-872e-a72c4844db92 100%&#8221; background_image=&#8221;https:\/\/letilkuria.hu\/wp-content\/uploads\/say-yes-wedding-photography-lili-es-adam-staff-3-of-344-1-671f8a3ce4261.webp&#8221; background_blend=&#8221;multiply&#8221; custom_padding=&#8221;200px||30px||false|false&#8221; link_option_url=&#8221;@ET-DC@eyJkeW5hbWljIjp0cnVlLCJjb250ZW50IjoicG9zdF9saW5rX3VybF9wYWdlIiwic2V0dGluZ3MiOnsicG9zdF9pZCI6IjQzIn19@&#8221; global_colors_info=&#8221;{%22gcid-e0fae7ad-d98e-4392-872e-a72c4844db92%22:%91%22background_color_gradient_stops%22,%22background_color_gradient_stops%22,%22background_color_gradient_stops%22%93}&#8221; background__hover_enabled=&#8221;on|hover&#8221; background_color_gradient_stops__hover=&#8221;rgba(255,255,255,0) 30%|#af8e77 70%&#8221; use_background_color_gradient__hover=&#8221;on&#8221;][et_pb_text _builder_version=&#8221;4.19.1&#8243; _module_preset=&#8221;default&#8221; text_font=&#8221;|700|||||||&#8221; text_text_color=&#8221;#FFFFFF&#8221; text_font_size=&#8221;24px&#8221; text_orientation=&#8221;center&#8221; global_colors_info=&#8221;{}&#8221;]<\/p>\n<p>A K\u00faria<\/p>\n<p>[\/et_pb_text][\/et_pb_column][et_pb_column type=&#8221;1_4&#8243; _builder_version=&#8221;4.19.1&#8243; _dynamic_attributes=&#8221;link_option_url&#8221; _module_preset=&#8221;default&#8221; use_background_color_gradient=&#8221;on&#8221; background_color_gradient_stops=&#8221;rgba(255,255,255,0) 30%|gcid-e0fae7ad-d98e-4392-872e-a72c4844db92 100%&#8221; background_image=&#8221;https:\/\/letilkuria.hu\/wp-content\/uploads\/norigergo-240615-201047-1-671f8a1417be1-scaled-1.png&#8221; background_blend=&#8221;multiply&#8221; custom_padding=&#8221;200px||30px||false|false&#8221; link_option_url=&#8221;@ET-DC@eyJkeW5hbWljIjp0cnVlLCJjb250ZW50IjoicG9zdF9saW5rX3VybF9wYWdlIiwic2V0dGluZ3MiOnsicG9zdF9pZCI6IjM1In19@&#8221; global_colors_info=&#8221;{%22gcid-e0fae7ad-d98e-4392-872e-a72c4844db92%22:%91%22background_color_gradient_stops%22%93}&#8221; background__hover_enabled=&#8221;on|hover&#8221; background_color_gradient_stops__hover=&#8221;rgba(255,255,255,0) 30%|#af8e77 70%&#8221; use_background_color_gradient__hover=&#8221;on&#8221;][et_pb_text _builder_version=&#8221;4.19.1&#8243; _module_preset=&#8221;default&#8221; text_font=&#8221;|700|||||||&#8221; text_text_color=&#8221;#FFFFFF&#8221; text_font_size=&#8221;24px&#8221; text_orientation=&#8221;center&#8221; global_colors_info=&#8221;{}&#8221;]<\/p>\n<p>Esk\u00fcv\u0151<\/p>\n<p>[\/et_pb_text][\/et_pb_column][et_pb_column type=&#8221;1_4&#8243; _builder_version=&#8221;4.19.1&#8243; _dynamic_attributes=&#8221;link_option_url&#8221; _module_preset=&#8221;default&#8221; use_background_color_gradient=&#8221;on&#8221; background_color_gradient_stops=&#8221;rgba(255,255,255,0) 29%|gcid-e0fae7ad-d98e-4392-872e-a72c4844db92 100%&#8221; background_image=&#8221;https:\/\/letilkuria.hu\/wp-content\/uploads\/NoriGergo_240615_164234-1.jpg&#8221; background_blend=&#8221;multiply&#8221; custom_padding=&#8221;200px||30px||false|false&#8221; link_option_url=&#8221;@ET-DC@eyJkeW5hbWljIjp0cnVlLCJjb250ZW50IjoicG9zdF9saW5rX3VybF9wYWdlIiwic2V0dGluZ3MiOnsicG9zdF9pZCI6IjM5In19@&#8221; global_colors_info=&#8221;{%22gcid-e0fae7ad-d98e-4392-872e-a72c4844db92%22:%91%22background_color_gradient_stops%22%93}&#8221; background__hover_enabled=&#8221;on|hover&#8221; background_color_gradient_stops__hover=&#8221;rgba(255,255,255,0) 29%|#af8e77 70%&#8221; use_background_color_gradient__hover=&#8221;on&#8221;][et_pb_text _builder_version=&#8221;4.19.1&#8243; _module_preset=&#8221;default&#8221; text_font=&#8221;|700|||||||&#8221; text_text_color=&#8221;#FFFFFF&#8221; text_font_size=&#8221;24px&#8221; text_orientation=&#8221;center&#8221; global_colors_info=&#8221;{}&#8221;]<\/p>\n<p>Fot\u00f3z\u00e1s<\/p>\n<p>[\/et_pb_text][\/et_pb_column][et_pb_column type=&#8221;1_4&#8243; _builder_version=&#8221;4.19.1&#8243; _dynamic_attributes=&#8221;link_option_url&#8221; _module_preset=&#8221;default&#8221; use_background_color_gradient=&#8221;on&#8221; background_color_gradient_stops=&#8221;rgba(255,255,255,0) 29%|gcid-e0fae7ad-d98e-4392-872e-a72c4844db92 100%&#8221; background_image=&#8221;https:\/\/letilkuria.hu\/wp-content\/uploads\/norigergo-240615-210741-1-671f8a03df0dd.webp&#8221; background_blend=&#8221;multiply&#8221; custom_padding=&#8221;200px||30px||false|false&#8221; link_option_url=&#8221;@ET-DC@eyJkeW5hbWljIjp0cnVlLCJjb250ZW50IjoicG9zdF9saW5rX3VybF9wYWdlIiwic2V0dGluZ3MiOnsicG9zdF9pZCI6IjM3In19@&#8221; global_colors_info=&#8221;{%22gcid-e0fae7ad-d98e-4392-872e-a72c4844db92%22:%91%22background_color_gradient_stops%22%93}&#8221; background__hover_enabled=&#8221;on|hover&#8221; background_color_gradient_stops__hover=&#8221;rgba(255,255,255,0) 29%|#af8e77 70%&#8221; use_background_color_gradient__hover=&#8221;on&#8221;][et_pb_text _builder_version=&#8221;4.19.1&#8243; _module_preset=&#8221;default&#8221; text_font=&#8221;|700|||||||&#8221; text_text_color=&#8221;#FFFFFF&#8221; text_font_size=&#8221;24px&#8221; text_orientation=&#8221;center&#8221; global_colors_info=&#8221;{}&#8221;]<\/p>\n<p>Rendezv\u00e9ny<\/p>\n<p>[\/et_pb_text][\/et_pb_column][\/et_pb_row][et_pb_row _builder_version=&#8221;4.19.1&#8243; _module_preset=&#8221;default&#8221; use_background_color_gradient=&#8221;on&#8221; background_color_gradient_stops=&#8221;rgba(255,255,255,0) 60%|gcid-e0fae7ad-d98e-4392-872e-a72c4844db92 90%&#8221; background_image=&#8221;https:\/\/letilkuria.hu\/wp-content\/uploads\/20220625-katamarco-letilkuria-petrapakophotography-535-671f89fe69876-scaled.webp&#8221; background_blend=&#8221;multiply&#8221; width=&#8221;100%&#8221; max_width=&#8221;100%&#8221; min_height=&#8221;80vh&#8221; min_height_tablet=&#8221;50vh&#8221; min_height_phone=&#8221;50vh&#8221; min_height_last_edited=&#8221;on|phone&#8221; background_last_edited=&#8221;on|phone&#8221; use_background_color_gradient_tablet=&#8221;on&#8221; use_background_color_gradient_phone=&#8221;on&#8221; background_color_gradient_stops_tablet=&#8221;rgba(255,255,255,0) 45%|#613a43 89%&#8221; background_color_gradient_stops_phone=&#8221;rgba(255,255,255,0) 35%|#613a43 80%&#8221; custom_css_main_element=&#8221;  display: flex;||    justify-content: center;||    align-items: flex-end;&#8221; global_colors_info=&#8221;{%22gcid-e0fae7ad-d98e-4392-872e-a72c4844db92%22:%91%22background_color_gradient_stops%22%93}&#8221;][et_pb_column type=&#8221;4_4&#8243; _builder_version=&#8221;4.19.1&#8243; _module_preset=&#8221;default&#8221; global_colors_info=&#8221;{}&#8221;][et_pb_text content_tablet=&#8221;<\/p>\n<h1 class=%22decor-down%22>#kutyabar\u00e1thely<\/h1>\n<p>&#8221; content_phone=&#8221;<\/p>\n<h1 class=%22decor-down%22>#kutyabar\u00e1thely<\/h1>\n<p>&#8221; content_last_edited=&#8221;on|phone&#8221; module_class=&#8221;heading-decor-white&#8221; _builder_version=&#8221;4.19.1&#8243; _module_preset=&#8221;default&#8221; text_text_color=&#8221;#FFFFFF&#8221; header_text_align=&#8221;center&#8221; header_text_color=&#8221;#FFFFFF&#8221; header_font_size=&#8221;36px&#8221; custom_padding=&#8221;||16px||false|false&#8221; header_font_size_tablet=&#8221;36px&#8221; header_font_size_phone=&#8221;32px&#8221; header_font_size_last_edited=&#8221;on|phone&#8221; global_colors_info=&#8221;{}&#8221;]<\/p>\n<h1 class=\"decor-down\">#kutyabar\u00e1thely<\/h1>\n<p>[\/et_pb_text][\/et_pb_column][\/et_pb_row][et_pb_row module_class=&#8221;row&#8211;index-blurb&#8221; _builder_version=&#8221;4.16&#8243; _module_preset=&#8221;default&#8221; max_width=&#8221;1200px&#8221; animation_style=&#8221;slide&#8221; animation_direction=&#8221;left&#8221; global_colors_info=&#8221;{}&#8221;][et_pb_column type=&#8221;4_4&#8243; _builder_version=&#8221;4.16&#8243; _module_preset=&#8221;default&#8221; global_colors_info=&#8221;{}&#8221;][et_pb_text _builder_version=&#8221;4.19.1&#8243; _module_preset=&#8221;default&#8221; global_colors_info=&#8221;{}&#8221;]<\/p>\n<p style=\"text-align: center;\">A <span style=\"color: #aa845b;\">#WeekdayWedding by Le Til K\u00faria<\/span> t\u00f6k\u00e9letes v\u00e1laszt\u00e1s sz\u00e1motokra, ha tartan\u00e1tok a hagyom\u00e1nyokat, de nem f\u00e9ltek szembemenni a megszok\u00e1sokkal sem annak \u00e9rdek\u00e9ben, hogy valami igaz\u00e1n rendhagy\u00f3t hozzatok l\u00e9tre.<\/p>\n<p style=\"text-align: center;\">A <span style=\"color: #aa845b;\">#H\u00e9tk\u00f6znapiEsk\u00fcv\u0151ket\u00a0<\/span>nektek tal\u00e1ltuk ki, ha szeretn\u00e9tek egy k\u00fcl\u00f6nleges \u00e9vfordul\u00f3n egybek\u00f6tni az \u00e9leteteket, m\u00e9g akkor is, ha az a nap \u00e9ppen keddre esik.<\/p>\n<p>[\/et_pb_text][et_pb_button button_url=&#8221;@ET-DC@eyJkeW5hbWljIjp0cnVlLCJjb250ZW50IjoicG9zdF9saW5rX3VybF9wYWdlIiwic2V0dGluZ3MiOnsicG9zdF9pZCI6IjUwIn19@&#8221; button_text=&#8221;Hogyan tov\u00e1bb?&#8221; button_alignment=&#8221;center&#8221; _builder_version=&#8221;4.19.1&#8243; _dynamic_attributes=&#8221;button_url&#8221; _module_preset=&#8221;default&#8221; global_colors_info=&#8221;{}&#8221;][\/et_pb_button][\/et_pb_column][\/et_pb_row][et_pb_row _builder_version=&#8221;4.27.4&#8243; _module_preset=&#8221;default&#8221; custom_padding=&#8221;||0px||false|false&#8221; global_colors_info=&#8221;{}&#8221;][et_pb_column type=&#8221;4_4&#8243; _builder_version=&#8221;4.27.4&#8243; _module_preset=&#8221;default&#8221; global_colors_info=&#8221;{}&#8221;][et_pb_text _builder_version=&#8221;4.27.4&#8243; _module_preset=&#8221;default&#8221; header_text_align=&#8221;center&#8221; header_text_color=&#8221;#aa845b&#8221; custom_margin=&#8221;||36px||false|false&#8221; global_colors_info=&#8221;{}&#8221;]<\/p>\n<h1 class=\"decor-down\" style=\"text-align: center;\">Legfrisebb cikkeink<\/h1>\n<p>[\/et_pb_text][\/et_pb_column][\/et_pb_row][et_pb_row _builder_version=&#8221;4.27.4&#8243; _module_preset=&#8221;default&#8221; global_colors_info=&#8221;{}&#8221;][et_pb_column type=&#8221;4_4&#8243; _builder_version=&#8221;4.27.4&#8243; _module_preset=&#8221;default&#8221; global_colors_info=&#8221;{}&#8221;][lwp_post_carousel autoplay_animation=&#8221;on&#8221; autoplay_animation_speed=&#8221;4000ms&#8221; infinite_animation=&#8221;on&#8221; _builder_version=&#8221;4.27.4&#8243; _module_preset=&#8221;default&#8221; post_title_text_align=&#8221;left&#8221; post_excerpt_text_align=&#8221;left&#8221; post_meta_text_align=&#8221;left&#8221; post_meta_text_color=&#8221;#000000&#8243; post_meta_font_size=&#8221;0px&#8221; post_meta_line_height=&#8221;0em&#8221; button_alignment=&#8221;left&#8221; text_orientation=&#8221;left&#8221; global_colors_info=&#8221;{}&#8221;][\/lwp_post_carousel][\/et_pb_column][\/et_pb_row][\/et_pb_section]<\/p>\n","protected":false},"excerpt":{"rendered":"<p>\u00c9lm\u00e9ny, mely \u00f6r\u00f6kre mag\u00e1val ragad!Letisztult elegancia, fiatalos mer\u00e9szs\u00e9g, formabont\u00f3 st\u00edlus, a h\u00f3feh\u00e9r hercegn\u0151 a maga nem\u00e9ben p\u00e1ratlan.Klasszikusan eleg\u00e1ns \u00e9s sug\u00e1rz\u00f3an boh\u00e9m st\u00edlusjegyek \u00e9rz\u00e9ki kever\u00e9ke extravag\u00e1ns elemekkel. A h\u00f3feh\u00e9r k\u00f6nt\u00f6s\u00f6n t\u00fal, lelk\u00e9ben barokk hangok, lehelet\u00e9ben hipsteri j\u00e1t\u00e9koss\u00e1g kavarog. Kozmopolita kast\u00e9ly, mely a st\u00edlus \u00e9s az elegancia jegy\u00e9ben \u00e9p\u00fclt, minden ig\u00e9nyt kiel\u00e9g\u00edt\u0151, p\u00e1ratlan k\u00f6rnyezetben, Biri k\u00f6zs\u00e9gben, a [&hellip;]<\/p>\n","protected":false},"author":1,"featured_media":2253,"parent":0,"menu_order":0,"comment_status":"closed","ping_status":"closed","template":"","meta":{"_et_pb_use_builder":"on","_et_pb_old_content":"","_et_gb_content_width":"","footnotes":""},"class_list":["post-10","page","type-page","status-publish","has-post-thumbnail","hentry"],"_links":{"self":[{"href":"https:\/\/letilkuria.hu\/en\/wp-json\/wp\/v2\/pages\/10","targetHints":{"allow":["GET"]}}],"collection":[{"href":"https:\/\/letilkuria.hu\/en\/wp-json\/wp\/v2\/pages"}],"about":[{"href":"https:\/\/letilkuria.hu\/en\/wp-json\/wp\/v2\/types\/page"}],"author":[{"embeddable":true,"href":"https:\/\/letilkuria.hu\/en\/wp-json\/wp\/v2\/users\/1"}],"replies":[{"embeddable":true,"href":"https:\/\/letilkuria.hu\/en\/wp-json\/wp\/v2\/comments?post=10"}],"version-history":[{"count":0,"href":"https:\/\/letilkuria.hu\/en\/wp-json\/wp\/v2\/pages\/10\/revisions"}],"wp:featuredmedia":[{"embeddable":true,"href":"https:\/\/letilkuria.hu\/en\/wp-json\/wp\/v2\/media\/2253"}],"wp:attachment":[{"href":"https:\/\/letilkuria.hu\/en\/wp-json\/wp\/v2\/media?parent=10"}],"curies":[{"name":"wp","href":"https:\/\/api.w.org\/{rel}","templated":true}]}}